{"id":60,"date":"2016-04-30T14:09:00","date_gmt":"2016-04-30T14:09:00","guid":{"rendered":"http:\/\/orgonaapartman.hu\/?page_id=60"},"modified":"2026-03-23T11:37:45","modified_gmt":"2026-03-23T11:37:45","slug":"arak","status":"publish","type":"page","link":"https:\/\/orgonaapartman.hu\/?page_id=60","title":{"rendered":"\u00c1rak"},"content":{"rendered":"<table border=\"0\" cellspacing=\"0\" cellpadding=\"0\">\n<tbody>\n<tr>\n<td style=\"text-align: center;\">\n<h3><span style=\"color: #800080;\">Id\u0151szak<\/span><\/h3>\n<\/td>\n<td style=\"text-align: center;\">\n<h4><span style=\"color: #800080;\"><strong>\u00a0 \u00a0 \u00a0\u00a0 2026.03.01-04.30.<\/strong><\/span><\/h4>\n<h4><span style=\"color: #800080;\"><strong>\u00a0 \u00a0 \u00a0 \u00a0 \u00a0 \u00a02026.09.01-12.31\u00a0 \u00a0 \u00a0<\/strong><\/span><\/h4>\n<\/td>\n<td style=\"text-align: center;\">\n<h4><span style=\"color: #800080;\"><strong>2026.05.01- 2026.06.30<\/strong><\/span><\/h4>\n<\/td>\n<td style=\"text-align: center;\">\n<h4><span style=\"color: #800080;\"><strong>2026.07.01- 08.31<br \/>\n<\/strong><\/span><\/h4>\n<\/td>\n<\/tr>\n<tr>\n<td style=\"text-align: center;\"><strong>Orgona nyaral\u00f3\u00a0 6 f\u0151<\/strong><\/td>\n<td style=\"text-align: center;\"><strong>60 000 Ft<\/strong><\/td>\n<td style=\"text-align: center;\"><strong>69 000 Ft<\/strong><\/td>\n<td style=\"text-align: center;\"><b>84 000 Ft<\/b><\/td>\n<\/tr>\n<tr>\n<td style=\"text-align: center;\"><strong>Orgona nyaral\u00f3 <\/strong><strong>4 f\u0151<\/strong><\/td>\n<td style=\"text-align: center;\"><strong>40 000 Ft<\/strong><\/td>\n<td style=\"text-align: center;\"><strong>46 000 Ft<\/strong><\/td>\n<td style=\"text-align: center;\"><strong>56 000 Ft<\/strong><\/td>\n<\/tr>\n<tr>\n<td style=\"text-align: center;\"><strong>St\u00fadi\u00f3 Apartman<\/strong><strong>\u00a0 2 f\u0151<\/strong><\/td>\n<td style=\"text-align: center;\"><b>24 000 Ft<\/b><\/td>\n<td style=\"text-align: center;\"><strong>25 000 Ft<\/strong><\/td>\n<td style=\"text-align: center;\"><strong>27 000 Ft<\/strong><\/td>\n<\/tr>\n<\/tbody>\n<\/table>\n<p><strong>Az \u00e1rak az idegenforgalmi ad\u00f3t nem tartalmazz\u00e1k, amely m\u00e9rt\u00e9ke 75<\/strong><strong>0 Ft\/f\u0151\/\u00e9jszaka 18 \u00e9v felett.<\/strong><\/p>\n","protected":false},"excerpt":{"rendered":"<p>Id\u0151szak \u00a0 \u00a0 \u00a0\u00a0 2026.03.01-04.30. \u00a0 \u00a0 \u00a0 \u00a0 \u00a0 \u00a02026.09.01-12.31\u00a0 \u00a0 \u00a0 2026.05.01- 2026.06.30 2026.07.01- 08.31 Orgona nyaral\u00f3\u00a0 6 f\u0151 60 000 Ft 69 000 Ft 84 000 Ft Orgona nyaral\u00f3 4 f\u0151 40 000 Ft 46 000 Ft <a class=\"more-link\" href=\"https:\/\/orgonaapartman.hu\/?page_id=60\">Read More &#8230;<\/a><\/p>\n","protected":false},"author":1,"featured_media":0,"parent":0,"menu_order":0,"comment_status":"closed","ping_status":"closed","template":"","meta":{"footnotes":""},"class_list":["post-60","page","type-page","status-publish","hentry"],"_links":{"self":[{"href":"https:\/\/orgonaapartman.hu\/index.php?rest_route=\/wp\/v2\/pages\/60","targetHints":{"allow":["GET"]}}],"collection":[{"href":"https:\/\/orgonaapartman.hu\/index.php?rest_route=\/wp\/v2\/pages"}],"about":[{"href":"https:\/\/orgonaapartman.hu\/index.php?rest_route=\/wp\/v2\/types\/page"}],"author":[{"embeddable":true,"href":"https:\/\/orgonaapartman.hu\/index.php?rest_route=\/wp\/v2\/users\/1"}],"replies":[{"embeddable":true,"href":"https:\/\/orgonaapartman.hu\/index.php?rest_route=%2Fwp%2Fv2%2Fcomments&post=60"}],"version-history":[{"count":15,"href":"https:\/\/orgonaapartman.hu\/index.php?rest_route=\/wp\/v2\/pages\/60\/revisions"}],"predecessor-version":[{"id":219,"href":"https:\/\/orgonaapartman.hu\/index.php?rest_route=\/wp\/v2\/pages\/60\/revisions\/219"}],"wp:attachment":[{"href":"https:\/\/orgonaapartman.hu\/index.php?rest_route=%2Fwp%2Fv2%2Fmedia&parent=60"}],"curies":[{"name":"wp","href":"https:\/\/api.w.org\/{rel}","templated":true}]}}