{"id":26,"date":"2016-04-27T20:44:26","date_gmt":"2016-04-27T20:44:26","guid":{"rendered":"http:\/\/orgonaapartman.hu\/?page_id=26"},"modified":"2026-03-23T14:35:39","modified_gmt":"2026-03-23T14:35:39","slug":"nautilus-studio-apartman","status":"publish","type":"page","link":"https:\/\/orgonaapartman.hu\/?page_id=26","title":{"rendered":"Nautilus St\u00fadi\u00f3 Apartman"},"content":{"rendered":"<p>A Nautilus st\u00fadi\u00f3 apartman ide\u00e1lis v\u00e1laszt\u00e1s 2 f\u0151 r\u00e9sz\u00e9re.<\/p>\n<p>K\u00e9nyelmes francia\u00e1ggyal, saj\u00e1t f\u00fcrd\u0151szob\u00e1val \u00e9s j\u00f3l felszerelt teakonyh\u00e1val v\u00e1rja vend\u00e9geit.<\/p>\n<p>\u2022 l\u00e9gkondicion\u00e1l\u00f3<br \/>\n\u2022 LED TV<br \/>\n\u2022 sz\u00fanyogh\u00e1l\u00f3s ablakok<br \/>\n\u2022 saj\u00e1t zuhanyz\u00f3s f\u00fcrd\u0151szoba<\/p>\n<p>A nyugodt k\u00f6rnyezet t\u00f6k\u00e9letes kikapcsol\u00f3d\u00e1st biztos\u00edt.<\/p>\n<p><img loading=\"lazy\" decoding=\"async\" class=\"alignnone size-medium wp-image-157\" src=\"http:\/\/orgonaapartman.hu\/wp-content\/uploads\/2016\/04\/DAF_6011-300x200.jpg\" alt=\"daf_6011\" width=\"300\" height=\"200\" srcset=\"https:\/\/orgonaapartman.hu\/wp-content\/uploads\/2016\/04\/DAF_6011-300x200.jpg 300w, https:\/\/orgonaapartman.hu\/wp-content\/uploads\/2016\/04\/DAF_6011-768x513.jpg 768w, https:\/\/orgonaapartman.hu\/wp-content\/uploads\/2016\/04\/DAF_6011-1024x684.jpg 1024w, https:\/\/orgonaapartman.hu\/wp-content\/uploads\/2016\/04\/DAF_6011.jpg 1600w\" sizes=\"auto, (max-width: 300px) 100vw, 300px\" \/> <img loading=\"lazy\" decoding=\"async\" class=\"size-medium wp-image-227 alignnone\" src=\"http:\/\/orgonaapartman.hu\/wp-content\/uploads\/2026\/03\/image7-2-169x300.jpeg\" alt=\"\" width=\"169\" height=\"300\" srcset=\"https:\/\/orgonaapartman.hu\/wp-content\/uploads\/2026\/03\/image7-2-169x300.jpeg 169w, https:\/\/orgonaapartman.hu\/wp-content\/uploads\/2026\/03\/image7-2-768x1365.jpeg 768w, https:\/\/orgonaapartman.hu\/wp-content\/uploads\/2026\/03\/image7-2-576x1024.jpeg 576w, https:\/\/orgonaapartman.hu\/wp-content\/uploads\/2026\/03\/image7-2.jpeg 1134w\" sizes=\"auto, (max-width: 169px) 100vw, 169px\" \/><\/p>\n<p><img loading=\"lazy\" decoding=\"async\" class=\"alignnone size-medium wp-image-154\" src=\"http:\/\/orgonaapartman.hu\/wp-content\/uploads\/2016\/04\/DAF_6038-300x200.jpg\" alt=\"daf_6038\" width=\"300\" height=\"200\" \/><\/p>\n<p><img loading=\"lazy\" decoding=\"async\" class=\"alignnone size-medium wp-image-152\" src=\"http:\/\/orgonaapartman.hu\/wp-content\/uploads\/2016\/04\/DAF_6030-200x300.jpg\" alt=\"daf_6030\" width=\"200\" height=\"300\" srcset=\"https:\/\/orgonaapartman.hu\/wp-content\/uploads\/2016\/04\/DAF_6030-200x300.jpg 200w, https:\/\/orgonaapartman.hu\/wp-content\/uploads\/2016\/04\/DAF_6030-768x1151.jpg 768w, https:\/\/orgonaapartman.hu\/wp-content\/uploads\/2016\/04\/DAF_6030-684x1024.jpg 684w, https:\/\/orgonaapartman.hu\/wp-content\/uploads\/2016\/04\/DAF_6030.jpg 1068w\" sizes=\"auto, (max-width: 200px) 100vw, 200px\" \/>\u00a0 <img loading=\"lazy\" decoding=\"async\" class=\"alignnone size-medium wp-image-151\" src=\"http:\/\/orgonaapartman.hu\/wp-content\/uploads\/2016\/04\/DAF_6024-200x300.jpg\" alt=\"daf_6024\" width=\"200\" height=\"300\" srcset=\"https:\/\/orgonaapartman.hu\/wp-content\/uploads\/2016\/04\/DAF_6024-200x300.jpg 200w, https:\/\/orgonaapartman.hu\/wp-content\/uploads\/2016\/04\/DAF_6024-768x1151.jpg 768w, https:\/\/orgonaapartman.hu\/wp-content\/uploads\/2016\/04\/DAF_6024-684x1024.jpg 684w, https:\/\/orgonaapartman.hu\/wp-content\/uploads\/2016\/04\/DAF_6024.jpg 1068w\" sizes=\"auto, (max-width: 200px) 100vw, 200px\" \/><\/p>\n","protected":false},"excerpt":{"rendered":"<p>A Nautilus st\u00fadi\u00f3 apartman ide\u00e1lis v\u00e1laszt\u00e1s 2 f\u0151 r\u00e9sz\u00e9re. K\u00e9nyelmes francia\u00e1ggyal, saj\u00e1t f\u00fcrd\u0151szob\u00e1val \u00e9s j\u00f3l felszerelt teakonyh\u00e1val v\u00e1rja vend\u00e9geit. \u2022 l\u00e9gkondicion\u00e1l\u00f3 \u2022 LED TV \u2022 sz\u00fanyogh\u00e1l\u00f3s ablakok \u2022 saj\u00e1t zuhanyz\u00f3s f\u00fcrd\u0151szoba A nyugodt k\u00f6rnyezet t\u00f6k\u00e9letes kikapcsol\u00f3d\u00e1st biztos\u00edt. \u00a0<\/p>\n","protected":false},"author":1,"featured_media":0,"parent":0,"menu_order":0,"comment_status":"closed","ping_status":"closed","template":"","meta":{"footnotes":""},"class_list":["post-26","page","type-page","status-publish","hentry"],"_links":{"self":[{"href":"https:\/\/orgonaapartman.hu\/index.php?rest_route=\/wp\/v2\/pages\/26","targetHints":{"allow":["GET"]}}],"collection":[{"href":"https:\/\/orgonaapartman.hu\/index.php?rest_route=\/wp\/v2\/pages"}],"about":[{"href":"https:\/\/orgonaapartman.hu\/index.php?rest_route=\/wp\/v2\/types\/page"}],"author":[{"embeddable":true,"href":"https:\/\/orgonaapartman.hu\/index.php?rest_route=\/wp\/v2\/users\/1"}],"replies":[{"embeddable":true,"href":"https:\/\/orgonaapartman.hu\/index.php?rest_route=%2Fwp%2Fv2%2Fcomments&post=26"}],"version-history":[{"count":10,"href":"https:\/\/orgonaapartman.hu\/index.php?rest_route=\/wp\/v2\/pages\/26\/revisions"}],"predecessor-version":[{"id":233,"href":"https:\/\/orgonaapartman.hu\/index.php?rest_route=\/wp\/v2\/pages\/26\/revisions\/233"}],"wp:attachment":[{"href":"https:\/\/orgonaapartman.hu\/index.php?rest_route=%2Fwp%2Fv2%2Fmedia&parent=26"}],"curies":[{"name":"wp","href":"https:\/\/api.w.org\/{rel}","templated":true}]}}