{"id":22,"date":"2016-04-27T20:42:56","date_gmt":"2016-04-27T20:42:56","guid":{"rendered":"http:\/\/orgonaapartman.hu\/?page_id=22"},"modified":"2016-05-04T09:20:39","modified_gmt":"2016-05-04T09:20:39","slug":"szallasok","status":"publish","type":"page","link":"https:\/\/orgonaapartman.hu\/?page_id=22","title":{"rendered":"Sz\u00e1ll\u00e1sok"},"content":{"rendered":"<p><a href=\"\/?page_id=24&amp;lang=hu\">Orchidea St\u00fadi\u00f3 Apartman<\/a><br \/>\n<a href=\"http:\/\/orgonaapartman.hu\/?page_id=26&amp;lang=hu\">Nautilus St\u00fadi\u00f3 apartman<\/a><br \/>\n<a href=\"http:\/\/orgonaapartman.hu\/?page_id=28&amp;lang=hu\">Viola St\u00fadi\u00f3 Apartman<\/a><br \/>\n<a href=\"http:\/\/orgonaapartman.hu\/?page_id=34&amp;lang=hu\">Orgona Nyaral\u00f3h\u00e1z<\/a><\/p>\n<p>A st\u00fadi\u00f3 apartmanok f\u00f6ldszintesek, kis terasszal, egym\u00e1s mellett helyezkednek el.<br \/>\nAz apartmanok francia\u00e1gyasak (13 m2-esek), nem p\u00f3t\u00e1gyazhat\u00f3ak, teakonyh\u00e1val egy l\u00e9gt\u00e9r\u0171ek, zuhanyz\u00f3s f\u00fcrd\u0151szob\u00e1val rendelkeznek.<br \/>\nA teakonyha felszerelts\u00e9ge: h\u0171t\u0151szekr\u00e9ny, mikrohull\u00e1m\u00fa s\u00fct\u0151, k\u00e1v\u00e9f\u0151z\u0151, v\u00edzforral\u00f3, keny\u00e9rpir\u00edt\u00f3, f\u0151z\u0151lap, ed\u00e9nyek, poharak, t\u00e1ny\u00e9rok.<br \/>\nA st\u00fadi\u00f3 apartmanokban ingyenes WiFi internet el\u00e9r\u00e9s \u00e9s LED TV haszn\u00e1lhat\u00f3.<\/p>\n","protected":false},"excerpt":{"rendered":"<p>Orchidea St\u00fadi\u00f3 Apartman Nautilus St\u00fadi\u00f3 apartman Viola St\u00fadi\u00f3 Apartman Orgona Nyaral\u00f3h\u00e1z A st\u00fadi\u00f3 apartmanok f\u00f6ldszintesek, kis terasszal, egym\u00e1s mellett helyezkednek el. Az apartmanok francia\u00e1gyasak (13 m2-esek), nem p\u00f3t\u00e1gyazhat\u00f3ak, teakonyh\u00e1val egy l\u00e9gt\u00e9r\u0171ek, zuhanyz\u00f3s f\u00fcrd\u0151szob\u00e1val rendelkeznek. A teakonyha felszerelts\u00e9ge: h\u0171t\u0151szekr\u00e9ny, mikrohull\u00e1m\u00fa s\u00fct\u0151, <a class=\"more-link\" href=\"https:\/\/orgonaapartman.hu\/?page_id=22\">Read More &#8230;<\/a><\/p>\n","protected":false},"author":1,"featured_media":0,"parent":0,"menu_order":0,"comment_status":"closed","ping_status":"closed","template":"","meta":{"footnotes":""},"class_list":["post-22","page","type-page","status-publish","hentry"],"_links":{"self":[{"href":"https:\/\/orgonaapartman.hu\/index.php?rest_route=\/wp\/v2\/pages\/22","targetHints":{"allow":["GET"]}}],"collection":[{"href":"https:\/\/orgonaapartman.hu\/index.php?rest_route=\/wp\/v2\/pages"}],"about":[{"href":"https:\/\/orgonaapartman.hu\/index.php?rest_route=\/wp\/v2\/types\/page"}],"author":[{"embeddable":true,"href":"https:\/\/orgonaapartman.hu\/index.php?rest_route=\/wp\/v2\/users\/1"}],"replies":[{"embeddable":true,"href":"https:\/\/orgonaapartman.hu\/index.php?rest_route=%2Fwp%2Fv2%2Fcomments&post=22"}],"version-history":[{"count":7,"href":"https:\/\/orgonaapartman.hu\/index.php?rest_route=\/wp\/v2\/pages\/22\/revisions"}],"predecessor-version":[{"id":123,"href":"https:\/\/orgonaapartman.hu\/index.php?rest_route=\/wp\/v2\/pages\/22\/revisions\/123"}],"wp:attachment":[{"href":"https:\/\/orgonaapartman.hu\/index.php?rest_route=%2Fwp%2Fv2%2Fmedia&parent=22"}],"curies":[{"name":"wp","href":"https:\/\/api.w.org\/{rel}","templated":true}]}}