{"id":2,"date":"2016-04-27T07:00:20","date_gmt":"2016-04-27T07:00:20","guid":{"rendered":"http:\/\/orgonaapartman.hu\/?page_id=2"},"modified":"2026-03-23T11:29:48","modified_gmt":"2026-03-23T11:29:48","slug":"ez-egy-minta-oldal","status":"publish","type":"page","link":"https:\/\/orgonaapartman.hu\/","title":{"rendered":"Kezd\u0151lap"},"content":{"rendered":"<h2 data-section-id=\"1u693t\" data-start=\"214\" data-end=\"270\"><span style=\"color: #800080;\" role=\"text\">\ud83c\udf3f<em> <strong data-start=\"220\" data-end=\"270\">Orgona Nyaral\u00f3- \u00e9s Apartmanh\u00e1z \u2013 Balatongy\u00f6r\u00f6k<\/strong><\/em><\/span><\/h2>\n<p><span style=\"color: #800080;\"><em><strong>\u2013 350 m\u00e9terre a strandt\u00f3l<\/strong><\/em><\/span><\/p>\n<p><span style=\"color: #800080;\"><em><strong>Nyugodt, z\u00f6ld k\u00f6rnyezetben, m\u00e9gis a k\u00f6zponthoz k\u00f6zel v\u00e1rjuk vend\u00e9geinket.<\/strong><\/em><\/span><br \/><span style=\"color: #800080;\"><em><strong>Csal\u00e1doknak \u00e9s p\u00e1roknak is ide\u00e1lis v\u00e1laszt\u00e1s.<\/strong><\/em><\/span><\/p>\n\n\n<figure class=\"wp-block-pullquote\" style=\"border-color:#8c21a1\"><blockquote class=\"has-text-color\" style=\"color:#65176f\"><p><strong><em>A sz\u00e1ll\u00e1s egy k\u00fcl\u00f6n\u00e1ll\u00f3 nyaral\u00f3h\u00e1zb\u00f3l \u00e9s egy 3 st\u00fadi\u00f3 apartmanb\u00f3l \u00e1ll\u00f3 apartmanh\u00e1zb\u00f3l \u00e1ll, z\u00e1rt udvarral \u00e9s gondozott kerttel.<\/em><\/strong><\/p><p><\/p><\/blockquote><\/figure>\n\n\n\n<p><\/p>\n","protected":false},"excerpt":{"rendered":"<p>\ud83c\udf3f Orgona Nyaral\u00f3- \u00e9s Apartmanh\u00e1z \u2013 Balatongy\u00f6r\u00f6k \u2013 350 m\u00e9terre a strandt\u00f3l Nyugodt, z\u00f6ld k\u00f6rnyezetben, m\u00e9gis a k\u00f6zponthoz k\u00f6zel v\u00e1rjuk vend\u00e9geinket.Csal\u00e1doknak \u00e9s p\u00e1roknak is ide\u00e1lis v\u00e1laszt\u00e1s. A sz\u00e1ll\u00e1s egy k\u00fcl\u00f6n\u00e1ll\u00f3 nyaral\u00f3h\u00e1zb\u00f3l \u00e9s egy 3 st\u00fadi\u00f3 apartmanb\u00f3l \u00e1ll\u00f3 apartmanh\u00e1zb\u00f3l \u00e1ll, z\u00e1rt <a class=\"more-link\" href=\"https:\/\/orgonaapartman.hu\/\">Read More &#8230;<\/a><\/p>\n","protected":false},"author":1,"featured_media":0,"parent":0,"menu_order":0,"comment_status":"closed","ping_status":"open","template":"","meta":{"footnotes":""},"class_list":["post-2","page","type-page","status-publish","hentry"],"_links":{"self":[{"href":"https:\/\/orgonaapartman.hu\/index.php?rest_route=\/wp\/v2\/pages\/2","targetHints":{"allow":["GET"]}}],"collection":[{"href":"https:\/\/orgonaapartman.hu\/index.php?rest_route=\/wp\/v2\/pages"}],"about":[{"href":"https:\/\/orgonaapartman.hu\/index.php?rest_route=\/wp\/v2\/types\/page"}],"author":[{"embeddable":true,"href":"https:\/\/orgonaapartman.hu\/index.php?rest_route=\/wp\/v2\/users\/1"}],"replies":[{"embeddable":true,"href":"https:\/\/orgonaapartman.hu\/index.php?rest_route=%2Fwp%2Fv2%2Fcomments&post=2"}],"version-history":[{"count":24,"href":"https:\/\/orgonaapartman.hu\/index.php?rest_route=\/wp\/v2\/pages\/2\/revisions"}],"predecessor-version":[{"id":218,"href":"https:\/\/orgonaapartman.hu\/index.php?rest_route=\/wp\/v2\/pages\/2\/revisions\/218"}],"wp:attachment":[{"href":"https:\/\/orgonaapartman.hu\/index.php?rest_route=%2Fwp%2Fv2%2Fmedia&parent=2"}],"curies":[{"name":"wp","href":"https:\/\/api.w.org\/{rel}","templated":true}]}}