{"id":167,"date":"2018-11-14T18:27:32","date_gmt":"2018-11-14T18:27:32","guid":{"rendered":"http:\/\/orgonaapartman.hu\/?page_id=167"},"modified":"2026-04-10T10:41:18","modified_gmt":"2026-04-10T10:41:18","slug":"adatvedelmi-iranyelvek","status":"publish","type":"page","link":"https:\/\/orgonaapartman.hu\/?page_id=167","title":{"rendered":"Adatv\u00e9delmi ir\u00e1nyelvek"},"content":{"rendered":"<p><strong>Adatkezel\u00e9si T\u00e1j\u00e9koztat\u00f3<\/strong><\/p>\n<p>Az adatkezel\u00e9si t\u00e1j\u00e9koztat\u00f3ban t\u00e1j\u00e9koztatjuk \u00d6nt, mint honlapunk l\u00e1togat\u00f3j\u00e1t valamint szolg\u00e1ltat\u00e1saink ig\u00e9nybe vev\u0151j\u00e9t t\u00e1rsas\u00e1gunk adatkezel\u00e9si \u00e9s adatv\u00e9delmi szab\u00e1lyair\u00f3l.<\/p>\n<ol>\n<li>Milyen alapelveket k\u00f6vet\u00fcnk adatkezel\u00e9s\u00fcnk sor\u00e1n?<\/li>\n<li>Kik vagyunk?<\/li>\n<li>Mik azok a s\u00fctik \u00e9s hogyan kezelj\u00fck \u0151ket?<\/li>\n<li>Mit kell tudni m\u00e9g a honlapunkkal kapcsolatos adatkezel\u00e9s\u00fcnkr\u0151l?<\/li>\n<li>Egy\u00e9b adatkezel\u00e9si k\u00e9rd\u00e9sek<\/li>\n<li>Melyek az \u00d6n jogai \u00e9s jogorvoslati lehet\u0151s\u00e9gei?<\/li>\n<li>Adatkezel\u00e9si t\u00e1j\u00e9koztat\u00f3 m\u00f3dos\u00edt\u00e1sa<\/li>\n<\/ol>\n<p><strong>Milyen alapelveket k\u00f6vet\u00fcnk adatkezel\u00e9s\u00fcnk sor\u00e1n?<\/strong><\/p>\n<p><strong>T\u00e1rsas\u00e1gunk az adatkezel\u00e9se sor\u00e1n al\u00e1bbi alapelveket k\u00f6veti:<\/strong><\/p>\n<ul>\n<li>a szem\u00e9lyes adatokat jogszer\u0171en \u00e9s tisztess\u00e9gesen, valamint az \u00d6n sz\u00e1m\u00e1ra \u00e1tl\u00e1that\u00f3an kezelj\u00fck.<\/li>\n<li>a szem\u00e9lyes adatokat csak meghat\u00e1rozott, egy\u00e9rtelm\u0171 \u00e9s jogszer\u0171 c\u00e9lb\u00f3l gy\u0171jtj\u00fck \u00e9s azokat nem kezelj\u00fck a c\u00e9lokkal \u00f6ssze nem egyeztethet\u0151 m\u00f3don.<\/li>\n<li>az \u00e1ltalunk gy\u0171jt\u00f6tt \u00e9s kezelt szem\u00e9lyes adatok az adatkezel\u00e9s c\u00e9ljai szempontj\u00e1b\u00f3l megfelel\u0151ek \u00e9s relev\u00e1nsak, valamint csak a sz\u00fcks\u00e9gesre korl\u00e1toz\u00f3dnak.<\/li>\n<li>T\u00e1rsas\u00e1gunk minden \u00e9sszer\u0171 int\u00e9zked\u00e9st megtesz annak \u00e9rdek\u00e9ben, hogy az \u00e1ltalunk kezelt adatok pontosak \u00e9s sz\u00fcks\u00e9g eset\u00e9n naprak\u00e9szek legyenek, a pontatlan szem\u00e9lyes adatokat halad\u00e9ktalanul t\u00f6r\u00f6lj\u00fck vagy helyesb\u00edtj\u00fck.<\/li>\n<li>a szem\u00e9lyes adatokat olyan form\u00e1ban t\u00e1roljuk, hogy \u00d6n csak a szem\u00e9lyes adatok kezel\u00e9se c\u00e9ljainak el\u00e9r\u00e9s\u00e9hez sz\u00fcks\u00e9ges ideig legyen azonos\u00edthat\u00f3.<\/li>\n<li>megfelel\u0151 technikai \u00e9s szervez\u00e9si int\u00e9zked\u00e9sek alkalmaz\u00e1s\u00e1val biztos\u00edtjuk a szem\u00e9lyes adatok megfelel\u0151 biztons\u00e1g\u00e1t az adatok jogosulatlan vagy jogellenes kezel\u00e9s\u00e9vel, v\u00e9letlen elveszt\u00e9s\u00e9vel, megsemmis\u00edt\u00e9s\u00e9vel vagy k\u00e1rosod\u00e1s\u00e1val szemben.<\/li>\n<\/ul>\n<p><strong>T\u00e1rsas\u00e1gunk az \u00d6n szem\u00e9lyes adatait<\/strong><\/p>\n<ul>\n<li>az \u00d6n el\u0151zetes t\u00e1j\u00e9koztat\u00e1son alapul\u00f3 \u00e9s \u00f6nk\u00e9ntes hozz\u00e1j\u00e1rul\u00e1sa alapj\u00e1n \u00e9s csakis a sz\u00fcks\u00e9ges m\u00e9rt\u00e9kben \u00e9s minden esetben c\u00e9lhoz k\u00f6t\u00f6tten kezelj\u00fck, azaz gy\u0171jtj\u00fck, r\u00f6gz\u00edtj\u00fck, rendszerezz\u00fck, t\u00e1roljuk \u00e9s felhaszn\u00e1ljuk.<\/li>\n<li>egyes esetekben az \u00d6n adatainak kezel\u00e9se jogszab\u00e1lyi el\u0151\u00edr\u00e1sokon alapul \u00e9s k\u00f6telez\u0151 jelleg\u0171, ilyen esetekben erre a t\u00e9nyre k\u00fcl\u00f6n felh\u00edvjuk az \u00d6n figyelm\u00e9t.<\/li>\n<li>illetve bizonyos esetekben az \u00d6n szem\u00e9lyes adatainak kezel\u00e9s\u00e9hez T\u00e1rsas\u00e1gunknak, vagy pedig harmadik szem\u00e9lynek f\u0171z\u0151dik jogos \u00e9rdeke, p\u00e9ld\u00e1ul honlapunk m\u0171k\u00f6dtet\u00e9se, fejleszt\u00e9se \u00e9s biztons\u00e1ga.<\/li>\n<\/ul>\n<p><strong>Kik vagyunk?<\/strong><\/p>\n<p><strong>Adatkezel\u0151<\/strong><\/p>\n<ul>\n<li><strong>N\u00e9v:<\/strong>Titczn\u00e9 Fodor Edit EV.<\/li>\n<li><strong>Sz\u00e1ll\u00e1shely neve:<\/strong>Orgona Apartman \u00e9s Nyaral\u00f3h\u00e1z<\/li>\n<li><strong>Sz\u00e9khely:<\/strong>8313 Balatongy\u00f6r\u00f6k, D\u00f3zsa Gy\u00f6rgy u. 24<\/li>\n<li><strong>Telephely:<\/strong>8313 Balatongy\u00f6r\u00f6k, D\u00f3zsa Gy\u00f6rgy u. 24<\/li>\n<li><strong>Honlap:<\/strong><u><a href=\"http:\/\/www.orgonaapartman.hu\/\">www.orgonaapartman.hu<\/a><\/u><\/li>\n<li><strong>Kapcsolattart\u00f3:<\/strong>Titczn\u00e9 Fodor Edit<\/li>\n<li><strong>Telefonsz\u00e1m:<\/strong>+36309946112<\/li>\n<li><strong>Email c\u00edm:<\/strong>apartmanorgona@gmail.com<\/li>\n<li><strong>Ad\u00f3sz\u00e1m:<\/strong>74924695-1-40<\/li>\n<\/ul>\n<p><strong>Adatfeldolgoz\u00f3<\/strong><\/p>\n<p>T\u00e1rsas\u00e1gunk az adatok kezel\u00e9se sor\u00e1n \u2013 \u00fcgyfeleink sz\u00ednvonalas kiszolg\u00e1l\u00e1sa \u00e9rdek\u00e9ben \u2013 az al\u00e1bbi adatfeldolgoz\u00f3kat veszi ig\u00e9nybe:<\/p>\n<table width=\"100%\">\n<tbody>\n<tr>\n<td><strong>N\u00e9v<\/strong><\/td>\n<td><strong>Email c\u00edm<\/strong><\/td>\n<td><strong>Tev\u00e9kenys\u00e9g<\/strong><\/td>\n<\/tr>\n<tr>\n<td>Titczn\u00e9 Fodor Edit<\/td>\n<td>fodoredith@gmail.com<\/td>\n<td>weboldal m\u00f3dos\u00edt\u00e1sa<\/td>\n<\/tr>\n<\/tbody>\n<\/table>\n<p>Amennyiben az adatfeldolgoz\u00f3ink k\u00f6r\u00e9t m\u00f3dos\u00edtjuk, a v\u00e1ltoz\u00e1sokat \u00e1tvezetj\u00fck jelen t\u00e1j\u00e9koztat\u00f3nkban.<\/p>\n<p><strong>Az \u00e1ltalunk kezelt adatok:<\/strong><\/p>\n<table width=\"100%\">\n<tbody>\n<tr>\n<td><strong>Tev\u00e9kenys\u00e9g megnevez\u00e9se \u00e9s az adatkezel\u00e9s c\u00e9lja<\/strong><\/td>\n<td><strong>Jogalap<\/strong><\/td>\n<td><strong>Kezelt adatok<\/strong><\/td>\n<td><strong>Id\u0151tartam<\/strong><\/td>\n<\/tr>\n<tr>\n<td><strong>Honlap l\u00e1togat\u00e1sa<\/strong><br \/>\nC\u00e9l a honlap rendeltet\u00e9sszer\u0171 \u00e9s sz\u00ednvonalas m\u0171k\u00f6d\u00e9s\u00e9nek biztos\u00edt\u00e1sa, a szolg\u00e1ltat\u00e1saink min\u0151s\u00e9g\u00e9nek ellen\u0151rz\u00e9se \u00e9s jav\u00edt\u00e1sa, a rosszindulat\u00fa, weboldalunkat t\u00e1mad\u00f3 l\u00e1togat\u00f3k beazonos\u00edt\u00e1sa, a l\u00e1togatotts\u00e1g m\u00e9r\u00e9s\u00e9re, statisztikai c\u00e9lok<\/td>\n<td>T\u00e1rsas\u00e1gunk jogos \u00e9rdeke<\/td>\n<td>IP c\u00edm, a l\u00e1togat\u00e1s id\u0151pontja, a megl\u00e1togatott aloldalak adatai, az \u00d6n \u00e1ltal haszn\u00e1lt oper\u00e1ci\u00f3s rendszer \u00e9s b\u00f6ng\u00e9sz\u0151 t\u00edpusa<\/td>\n<td>1 h\u00f3nap<\/td>\n<\/tr>\n<tr>\n<td><strong>\u00dcgyint\u00e9z\u00e9s, panasz<\/strong><br \/>\n\u00e9szrev\u00e9telre, panaszra v\u00e1laszad\u00e1s<\/td>\n<td>Jogi k\u00f6telezetts\u00e9g<\/td>\n<td>n\u00e9v, e-mail c\u00edm<\/td>\n<td>5 \u00e9vig<\/td>\n<\/tr>\n<\/tbody>\n<\/table>\n<p>A weboldalunk l\u00e1togat\u00f3inkt\u00f3l csak a fenti esetekben k\u00e9rj\u00fck szem\u00e9lyes adataikat.<\/p>\n<p>Az adatkezel\u00e9ssel kapcsolatos k\u00e9rd\u00e9seivel \u00d6n a(z) adatkezeles@www.orgonaapartman.hu e-mail, illetve 8313 Balatongy\u00f6r\u00f6k, D\u00f3zsa Gy\u00f6rgy u. 24 postac\u00edmen k\u00e9rhet tov\u00e1bbi t\u00e1j\u00e9koztat\u00e1st, v\u00e1laszunkat k\u00e9sedelem n\u00e9lk\u00fcl, 3 napon bel\u00fcl (legfeljebb azonban 1 h\u00f3napon bel\u00fcl) megk\u00fcldj\u00fck \u00d6nnek az \u00d6n \u00e1ltal megadott el\u00e9rhet\u0151s\u00e9gre.<\/p>\n<p>A harmadik f\u00e9lt\u0151l sz\u00e1rmaz\u00f3 s\u00fctir\u0151l (third party cookie) r\u00e9szletesen <u><a href=\"https:\/\/www.google.com\/policies\/technologies\/types\/\">itt<\/a><\/u> , az adatv\u00e9delemr\u0151l pedig <u><a href=\"https:\/\/www.google.com\/analytics\/learn\/privacy.html?hl=hu\">itt<\/a><\/u> olvashat.<\/p>\n<p><strong>Mit kell tudni m\u00e9g a honlapunkkal kapcsolatos adatkezel\u00e9s\u00fcnkr\u0151l?<\/strong><\/p>\n<p>A szem\u00e9lyes adatokat \u00d6n \u00f6nk\u00e9ntesen bocs\u00e1tja rendelkez\u00e9s\u00fcnkre a regisztr\u00e1ci\u00f3 illetve a T\u00e1rsas\u00e1gunkkal kapcsolattart\u00e1sa sor\u00e1n, \u00e9ppen ez\u00e9rt k\u00e9rj\u00fck, hogy adatai k\u00f6zl\u00e9sekor fokozatosan \u00fcgyeljen azok val\u00f3dis\u00e1g\u00e1ra, helyess\u00e9g\u00e9re \u00e9s pontoss\u00e1g\u00e1ra, mert ezek\u00e9rt \u00d6n felel\u0151s. A helytelen, pontatlan vagy hi\u00e1nyos adat akad\u00e1lya lehet a szolg\u00e1ltat\u00e1saink ig\u00e9nybev\u00e9tel\u00e9nek.<br \/>\nAmennyiben \u00d6n nem a saj\u00e1t, hanem m\u00e1s szem\u00e9ly szem\u00e9lyes adatait adja meg, \u00fagy v\u00e9lelmezz\u00fck, hogy \u00d6n az ehhez sz\u00fcks\u00e9ges felhatalmaz\u00e1ssal rendelkezik.<br \/>\n\u00d6n az adatkezel\u00e9shez adott hozz\u00e1j\u00e1rul\u00e1s\u00e1t b\u00e1rmikor ingyenesen visszavonhatja<\/p>\n<ul>\n<li>a regisztr\u00e1ci\u00f3 t\u00f6rl\u00e9s\u00e9vel,<\/li>\n<li>az adatkezel\u00e9shez hozz\u00e1j\u00e1rul\u00e1s visszavon\u00e1s\u00e1val, illetve<\/li>\n<li>a regisztr\u00e1ci\u00f3 sor\u00e1n felt\u00e9tlen kit\u00f6ltend\u0151 b\u00e1rmely adat kezel\u00e9s\u00e9hez vagy felhaszn\u00e1l\u00e1s\u00e1hoz val\u00f3 hozz\u00e1j\u00e1rul\u00e1s visszavon\u00e1s\u00e1val vagy z\u00e1rol\u00e1s\u00e1nak k\u00e9r\u00e9s\u00e9vel.<\/li>\n<\/ul>\n<p>A hozz\u00e1j\u00e1rul\u00e1s visszavon\u00e1s\u00e1nak regisztr\u00e1l\u00e1s\u00e1t \u2013 technikai okokb\u00f3l \u2013 3 napos hat\u00e1rid\u0151vel v\u00e1llaljuk, azonban felh\u00edvjuk a figyelm\u00e9t arra, hogy jogi k\u00f6telezetts\u00e9g\u00fcnk teljes\u00edt\u00e9se vagy jogos \u00e9rdekeink \u00e9rv\u00e9nyes\u00edt\u00e9se c\u00e9lj\u00e1b\u00f3l bizonyos adatokat a hozz\u00e1j\u00e1rul\u00e1s visszavon\u00e1sa ut\u00e1n is kezelhet\u00fcnk.<br \/>\nMegt\u00e9veszt\u0151 szem\u00e9lyes adat haszn\u00e1lata eset\u00e9n, illetve ha valamelyik l\u00e1togat\u00f3nk b\u0171ncselekm\u00e9nyt k\u00f6vet el vagy T\u00e1rsas\u00e1gunk rendszer\u00e9t t\u00e1madja, az adott l\u00e1togat\u00f3 regisztr\u00e1ci\u00f3j\u00e1nak megsz\u00fcntet\u00e9s\u00e9vel egyidej\u0171leg adatait halad\u00e9ktalanul t\u00f6r\u00f6lj\u00fck, illetve \u2013 sz\u00fcks\u00e9g eset\u00e9n \u2013 meg\u0151rizz\u00fck azokat a polg\u00e1ri jogi felel\u0151ss\u00e9g meg\u00e1llap\u00edt\u00e1s\u00e1nak vagy b\u00fcntet\u0151 elj\u00e1r\u00e1s lefolytat\u00e1s\u00e1nak id\u0151tartama alatt.<\/p>\n<p><strong>Egy\u00e9b adatkezel\u00e9si k\u00e9rd\u00e9sek<\/strong><\/p>\n<p>Az \u00d6n adatait csak jogszab\u00e1lyban meghat\u00e1rozott keretek k\u00f6z\u00f6tt tov\u00e1bb\u00edthatjuk, adatfeldolgoz\u00f3ink eset\u00e9ben pedig szerz\u0151d\u00e9ses felt\u00e9telek kik\u00f6t\u00e9s\u00e9vel biztos\u00edtjuk, hogy ne haszn\u00e1lhass\u00e1k az \u00d6n hozz\u00e1j\u00e1rul\u00e1s\u00e1val ellent\u00e9tes c\u00e9lokra az \u00d6n szem\u00e9lyes adatait. Tov\u00e1bbi inform\u00e1ci\u00f3 a 2. pontban tal\u00e1lhat\u00f3.<br \/>\nT\u00e1rsas\u00e1gunk k\u00fclf\u00f6ldre nem tov\u00e1bb\u00edt adatokat.<br \/>\nA b\u00edr\u00f3s\u00e1g, az \u00fcgy\u00e9szs\u00e9g \u00e9s m\u00e1s hat\u00f3s\u00e1gok (pl. rend\u0151rs\u00e9g, ad\u00f3hivatal, Nemzeti Adatv\u00e9delmi \u00e9s Inform\u00e1ci\u00f3szabads\u00e1g Hat\u00f3s\u00e1g) t\u00e1j\u00e9koztat\u00e1s ad\u00e1sa, adatok k\u00f6zl\u00e9se vagy iratok rendelkez\u00e9sre bocs\u00e1t\u00e1sa miatt megkereshetik T\u00e1rsas\u00e1gunkat. Ezekben az esetekben adatszolg\u00e1ltat\u00e1si k\u00f6telezetts\u00e9g\u00fcnket teljes\u00edten\u00fcnk kell, de csak a megkeres\u00e9s c\u00e9lj\u00e1nak megval\u00f3s\u00edt\u00e1s\u00e1hoz elengedhetetlen\u00fcl sz\u00fcks\u00e9ges m\u00e9rt\u00e9kben.<br \/>\nT\u00e1rsas\u00e1gunk adatkezel\u00e9s\u00e9ben \u00e9s\/vagy adatfeldolgoz\u00e1s\u00e1ban r\u00e9szt vev\u0151 k\u00f6zrem\u0171k\u00f6d\u0151i \u00e9s munkav\u00e1llal\u00f3i el\u0151re meghat\u00e1rozott m\u00e9rt\u00e9kben \u2013 titoktart\u00e1si k\u00f6telezetts\u00e9g terhe mellett \u2013 jogosultak az \u00d6n szem\u00e9lyes adatait megismerni.<br \/>\nAz \u00d6n szem\u00e9lyes adatait megfelel\u0151 technikai \u00e9s egy\u00e9b int\u00e9zked\u00e9sekkel v\u00e9dj\u00fck, valamint biztos\u00edtjuk az adatok biztons\u00e1g\u00e1t, rendelkez\u00e9sre \u00e1ll\u00e1s\u00e1t, tov\u00e1bb\u00e1 \u00f3vjuk azokat a jogosulatlan hozz\u00e1f\u00e9r\u00e9st\u0151l, megv\u00e1ltoztat\u00e1st\u00f3l, s\u00e9r\u00fcl\u00e9sekt\u0151l illetve nyilv\u00e1noss\u00e1gra hozatalt\u00f3l \u00e9s b\u00e1rmilyen egy\u00e9b jogosulatlan felhaszn\u00e1l\u00e1st\u00f3l.<br \/>\nSzervezeti int\u00e9zked\u00e9sek keret\u00e9ben \u00e9p\u00fcleteinkben ellen\u0151rizz\u00fck a fizikai hozz\u00e1f\u00e9r\u00e9st, munkav\u00e1llal\u00f3inkat folyamatosan oktatjuk \u00e9s a pap\u00edr alap\u00fa dokumentumokat megfelel\u0151 v\u00e9delemmel elz\u00e1rva tartjuk. A technikai int\u00e9zked\u00e9sek keret\u00e9ben titkos\u00edt\u00e1st, jelsz\u00f3v\u00e9delmet \u00e9s v\u00edrusirt\u00f3 szoftvereket haszn\u00e1lunk. Felh\u00edvjuk azonban a figyelm\u00e9t arra, hogy az interneten kereszt\u00fcli adattov\u00e1bb\u00edt\u00e1s nem tekinthet\u0151 teljes k\u00f6r\u0171en biztons\u00e1gos adattov\u00e1bb\u00edt\u00e1snak. T\u00e1rsas\u00e1gunk mindent megtesz annak \u00e9rdek\u00e9ben, hogy a folyamatokat min\u00e9l biztons\u00e1gosabb\u00e1 tegy\u00fck, a weblapunkon kereszt\u00fcl t\u00f6rt\u00e9n\u0151 adattov\u00e1bb\u00edt\u00e1s\u00e9rt azonban nem tudunk teljes felel\u0151ss\u00e9get v\u00e1llalni, \u00e1m a T\u00e1rsas\u00e1gunkhoz be\u00e9rkezett adatok tekintet\u00e9ben szigor\u00fa el\u0151\u00edr\u00e1sokat tartunk be az \u00d6n adatainak biztons\u00e1ga \u00e9s a jogellenes hozz\u00e1f\u00e9r\u00e9s megakad\u00e1lyoz\u00e1sa \u00e9rdek\u00e9ben.<br \/>\nA biztons\u00e1gi k\u00e9rd\u00e9sekkel kapcsolatban k\u00e9rj\u00fck az \u00d6n seg\u00edts\u00e9g\u00e9t abban, hogy gondosan \u0151rizze meg honlapunkhoz megl\u00e9v\u0151 hozz\u00e1f\u00e9r\u00e9si jelszav\u00e1t \u00e9s ezt a jelsz\u00f3t senkivel se ossza meg.<\/p>\n<p><strong>Melyek az \u00d6n jogai \u00e9s jogorvoslati lehet\u0151s\u00e9gei?<\/strong><\/p>\n<p>\u00d6n az adatkezel\u00e9sr\u0151l<\/p>\n<ul>\n<li>t\u00e1j\u00e9koztat\u00e1st k\u00e9rhet,<\/li>\n<li>k\u00e9rheti az \u00e1ltalunk kezelt szem\u00e9lyes adataik helyesb\u00edt\u00e9s\u00e9t, m\u00f3dos\u00edt\u00e1s\u00e1t, kieg\u00e9sz\u00edt\u00e9s\u00e9t,<\/li>\n<li>tiltakozhat az adatkezel\u00e9s ellen \u00e9s k\u00e9rheti adatai t\u00f6rl\u00e9s\u00e9t valamint z\u00e1rol\u00e1s\u00e1t (a k\u00f6telez\u0151 adatkezel\u00e9s kiv\u00e9tel\u00e9vel),<\/li>\n<li>b\u00edr\u00f3s\u00e1g el\u0151tt jogorvoslattal \u00e9lhet,<\/li>\n<li>a fel\u00fcgyel\u0151 hat\u00f3s\u00e1gn\u00e1l panaszt tehet, illetve elj\u00e1r\u00e1st kezdem\u00e9nyezhet (<u><a href=\"https:\/\/naih.hu\/panaszuegyintezes-rendje.html\">https:\/\/naih.hu\/panaszuegyintezes-rendje.html<\/a><\/u>).<\/li>\n<\/ul>\n<p><strong>Fel\u00fcgyel\u0151 Hat\u00f3s\u00e1g:<\/strong> Nemzeti Adatv\u00e9delmi \u00e9s Inform\u00e1ci\u00f3szabads\u00e1g Hat\u00f3s\u00e1g<\/p>\n<ul>\n<li>Sz\u00e9khely: 1125 Budapest, Szil\u00e1gyi Erzs\u00e9bet fasor 22\/c.<\/li>\n<li>Levelez\u00e9si c\u00edm: 1530 Budapest, Pf.: 5.<\/li>\n<li>Telefon: +36 (1) 391-1400<\/li>\n<li>Fax: +36 (1) 391-1410<\/li>\n<li>E-mail: <u>ugyfelszolgalat@naih.hu<\/u><\/li>\n<li>Honlap: <u><a href=\"https:\/\/naih.hu\/\">https:\/\/naih.hu\/<\/a><\/u><\/li>\n<\/ul>\n<p>Az \u00d6n k\u00e9relm\u00e9re t\u00e1j\u00e9koztat\u00e1st adunk az \u00d6n \u00e1ltalunk kezelt, illetve az \u00e1ltalunk \u2013 vagy a megb\u00edzott adatfeldolgoz\u00f3nk \u00e1ltal \u2013 feldolgozott<\/p>\n<ul>\n<li>adatair\u00f3l,<\/li>\n<li>azok forr\u00e1s\u00e1r\u00f3l,<\/li>\n<li>az adatkezel\u00e9s c\u00e9lj\u00e1r\u00f3l \u00e9s jogalapj\u00e1r\u00f3l,<\/li>\n<li>id\u0151tartam\u00e1r\u00f3l, ha pedig ez nem lehets\u00e9ges, ezen id\u0151tartam meghat\u00e1roz\u00e1s\u00e1nak szempontjair\u00f3l,<\/li>\n<li>az adatfeldolgoz\u00f3ink nev\u00e9r\u0151l, c\u00edm\u00e9r\u0151l \u00e9s az adatkezel\u00e9ssel \u00f6sszef\u00fcgg\u0151 tev\u00e9kenys\u00e9g\u00fckr\u0151l,<\/li>\n<li>adatv\u00e9delmi incidensek k\u00f6r\u00fclm\u00e9nyeir\u0151l, hat\u00e1sair\u00f3l \u00e9s az elh\u00e1r\u00edt\u00e1sukra valamint megel\u0151z\u00e9s\u00fckre tett int\u00e9zked\u00e9seinkr\u0151l, tov\u00e1bb\u00e1<\/li>\n<li>az \u00d6n szem\u00e9lyes adatainak tov\u00e1bb\u00edt\u00e1sa eset\u00e9n az adattov\u00e1bb\u00edt\u00e1s jogalapj\u00e1r\u00f3l \u00e9s c\u00edmzettj\u00e9r\u0151l.<\/li>\n<\/ul>\n<p>A k\u00e9relem beny\u00fajt\u00e1s\u00e1t\u00f3l sz\u00e1m\u00edtott legr\u00f6videbb id\u0151 alatt, 3 napon bel\u00fcl (legfeljebb azonban 1 h\u00f3napon bel\u00fcl) adjuk meg t\u00e1j\u00e9koztat\u00e1sunkat. A t\u00e1j\u00e9koztat\u00e1s ingyenes, kiv\u00e9ve akkor, ha \u00d6n a foly\u00f3 \u00e9vben azonos adatk\u00f6rre vonatkoz\u00f3an t\u00e1j\u00e9koztat\u00e1si k\u00e9relmet m\u00e1r ny\u00fajtott be hozz\u00e1nk. Az \u00d6n \u00e1ltal m\u00e1r megfizetett k\u00f6lts\u00e9gt\u00e9r\u00edt\u00e9st visszat\u00e9r\u00edtj\u00fck abban az esetben, ha az adatokat jogellenesen kezelt\u00fck vagy a t\u00e1j\u00e9koztat\u00e1s k\u00e9r\u00e9se helyesb\u00edt\u00e9shez vezetett. A t\u00e1j\u00e9koztat\u00e1st csak t\u00f6rv\u00e9nyben foglalt esetekben tagadhatjuk meg jogszab\u00e1lyi hely megjel\u00f6l\u00e9s\u00e9vel, valamint a b\u00edr\u00f3s\u00e1gi jogorvoslat illetve a Hat\u00f3s\u00e1ghoz fordul\u00e1s lehet\u0151s\u00e9g\u00e9r\u0151l t\u00e1j\u00e9koztat\u00e1ssal.<\/p>\n<p>T\u00e1rsas\u00e1gunk a szem\u00e9lyes adatok helyesb\u00edt\u00e9sr\u0151l, z\u00e1rol\u00e1sr\u00f3l, megjel\u00f6l\u00e9sr\u0151l \u00e9s t\u00f6rl\u00e9sr\u0151l \u00d6nt, tov\u00e1bb\u00e1 mindazokat \u00e9rtes\u00edti, akiknek kor\u00e1bban az adatot adatkezel\u00e9s c\u00e9lj\u00e1ra tov\u00e1bb\u00edtotta, kiv\u00e9ve akkor, ha az \u00e9rtes\u00edt\u00e9s elmarad\u00e1sa az \u00d6n jogos \u00e9rdek\u00e9t nem s\u00e9rti.<\/p>\n<p>Amennyiben az \u00d6n helyesb\u00edt\u00e9s, z\u00e1rol\u00e1s vagy t\u00f6rl\u00e9s ir\u00e1nti k\u00e9relm\u00e9t nem teljes\u00edtj\u00fck, a k\u00e9relem k\u00e9zhezv\u00e9tel\u00e9t k\u00f6vet\u0151 3 napon bel\u00fcl (legfeljebb azonban 1 h\u00f3napon bel\u00fcl) \u00edr\u00e1sban vagy \u2013 az \u00d6n hozz\u00e1j\u00e1rul\u00e1s\u00e1val \u2013 elektronikus \u00faton k\u00f6z\u00f6lj\u00fcnk elutas\u00edt\u00e1sunk indokait \u00e9s t\u00e1j\u00e9koztatjuk \u00d6nt a b\u00edr\u00f3s\u00e1gi jogorvoslat, tov\u00e1bb\u00e1 a Hat\u00f3s\u00e1ghoz fordul\u00e1s lehet\u0151s\u00e9g\u00e9r\u0151l.<\/p>\n<p>Amennyiben \u00d6n tiltakozik a szem\u00e9lyes adatai kezel\u00e9se ellen, a tiltakoz\u00e1st a k\u00e9relem beny\u00fajt\u00e1s\u00e1t\u00f3l sz\u00e1m\u00edtott legr\u00f6videbb id\u0151n bel\u00fcl, 3 napon bel\u00fcl (legfeljebb azonban 1 h\u00f3napon bel\u00fcl) megvizsg\u00e1ljuk \u00e9s a d\u00f6nt\u00e9s\u00fcnkr\u0151l \u00d6nt \u00edr\u00e1sban t\u00e1j\u00e9koztatjuk. Amennyiben \u00fagy d\u00f6nt\u00f6tt\u00fcnk, hogy az \u00d6n tiltakoz\u00e1sa megalapozott, abban az esetben az adatkezel\u00e9st \u2013 bele\u00e9rtve a tov\u00e1bbi adatfelv\u00e9telt \u00e9s adattov\u00e1bb\u00edt\u00e1st is \u2013 megsz\u00fcntetj\u00fck \u00e9s az adatokat z\u00e1roljuk, valamint a tiltakoz\u00e1sr\u00f3l, tov\u00e1bb\u00e1 az annak alapj\u00e1n tett int\u00e9zked\u00e9sekr\u0151l \u00e9rtes\u00edtj\u00fck mindazokat, akik r\u00e9sz\u00e9re a tiltakoz\u00e1ssal \u00e9rintett szem\u00e9lyes adatot kor\u00e1bban tov\u00e1bb\u00edtottuk, \u00e9s akik k\u00f6telesek int\u00e9zkedni a tiltakoz\u00e1si jog \u00e9rv\u00e9nyes\u00edt\u00e9se \u00e9rdek\u00e9ben.<\/p>\n<p>Abban az esetben megtagadjuk a k\u00e9r\u00e9s teljes\u00edt\u00e9s\u00e9t ha bizony\u00edtjuk, hogy az adatkezel\u00e9st olyan k\u00e9nyszer\u00edt\u0151 erej\u0171 jogos okok indokolj\u00e1k, amelyek els\u0151bbs\u00e9get \u00e9lveznek az \u00d6n \u00e9rdekeivel, jogaival \u00e9s szabads\u00e1gaival szemben, vagy amelyek jogi ig\u00e9nyek el\u0151terjeszt\u00e9s\u00e9hez, \u00e9rv\u00e9nyes\u00edt\u00e9s\u00e9hez vagy v\u00e9delm\u00e9hez kapcsol\u00f3dnak. Amennyiben \u00d6n a d\u00f6nt\u00e9s\u00fcnkkel nem \u00e9rt egyet, illetve ha elmulasztjuk a hat\u00e1rid\u0151t, a d\u00f6nt\u00e9s k\u00f6zl\u00e9s\u00e9t\u0151l, illetve a hat\u00e1rid\u0151 utols\u00f3 napj\u00e1t\u00f3l sz\u00e1m\u00edtott 30 napon bel\u00fcl \u00d6n b\u00edr\u00f3s\u00e1ghoz fordulhat.<\/p>\n<p>Az adatv\u00e9delmi perek elb\u00edr\u00e1l\u00e1sa a t\u00f6rv\u00e9nysz\u00e9k hat\u00e1sk\u00f6r\u00e9be tartozik, a per \u2013 az \u00e9rintett v\u00e1laszt\u00e1sa szerint \u2013 az \u00e9rintett lakhelye vagy tart\u00f3zkod\u00e1si helye szerinti t\u00f6rv\u00e9nysz\u00e9k el\u0151tt is megind\u00edthat\u00f3. K\u00fclf\u00f6ldi \u00e1llampolg\u00e1r a lak\u00f3helye szerint illet\u00e9kes fel\u00fcgyeleti hat\u00f3s\u00e1ghoz is fordulhat panasszal.<\/p>\n<p><em>K\u00e9rj\u00fck \u00d6nt, hogy miel\u0151tt a fel\u00fcgyeleti hat\u00f3s\u00e1ghoz vagy b\u00edr\u00f3s\u00e1ghoz fordulna panasz\u00e1val \u2013 egyeztet\u00e9s \u00e9s a felmer\u00fclt probl\u00e9ma min\u00e9l gyorsabb megold\u00e1sa \u00e9rdek\u00e9ben \u2013 keresse meg T\u00e1rsas\u00e1gunkat.<\/em><\/p>\n<p><strong>Melyek a f\u0151bb ir\u00e1nyad\u00f3 jogszab\u00e1lyok tev\u00e9kenys\u00e9g\u00fcnkre?<\/strong><\/p>\n<ul>\n<li>a term\u00e9szetes szem\u00e9lyeknek a szem\u00e9lyes adatok kezel\u00e9s\u00e9r\u0151l sz\u00f3l\u00f3 az Eur\u00f3pai Parlament \u00e9s a Tan\u00e1cs (EU) 2016\/679 rendelete (GDPR)<\/li>\n<li>az inform\u00e1ci\u00f3s \u00f6nrendelkez\u00e9si jogr\u00f3l \u00e9s az inform\u00e1ci\u00f3szabads\u00e1gr\u00f3l sz\u00f3l\u00f3 <strong>2011.<\/strong> \u00e9vi CXII. t\u00f6rv\u00e9ny \u2013 (Info tv.)<\/li>\n<li>a Polg\u00e1ri T\u00f6rv\u00e9nyk\u00f6nyvr\u0151l sz\u00f3l\u00f3 2013. \u00e9vi V. t\u00f6rv\u00e9ny (Ptk.)<\/li>\n<li>az elektronikus kereskedelmi szolg\u00e1ltat\u00e1sok, valamint az inform\u00e1ci\u00f3s t\u00e1rsadalommal \u00f6sszef\u00fcgg\u0151 szolg\u00e1ltat\u00e1sok egyes k\u00e9rd\u00e9seir\u0151l sz\u00f3l\u00f3 2001. \u00e9vi CVIII. t\u00f6rv\u00e9ny \u2013 (Eker tv.)<\/li>\n<li>az elektronikus h\u00edrk\u00f6zl\u00e9sr\u0151l sz\u00f3l\u00f3 2003. \u00e9vi C. t\u00f6rv\u00e9ny \u2013 (Ehtv)<\/li>\n<li>a fogyaszt\u00f3v\u00e9delemr\u0151l sz\u00f3l\u00f3 1997. \u00e9vi CLV. t\u00f6rv\u00e9ny (Fogyv tv.)<\/li>\n<li>a panaszokr\u00f3l \u00e9s a k\u00f6z\u00e9rdek\u0171 bejelent\u00e9sekr\u0151l sz\u00f3l\u00f3 2013. \u00e9vi CLXV. t\u00f6rv\u00e9ny. (Pktv.)<\/li>\n<li>a gazdas\u00e1gi rekl\u00e1mtev\u00e9kenys\u00e9g alapvet\u0151 felt\u00e9teleir\u0151l \u00e9s egyes korl\u00e1tair\u00f3l sz\u00f3l\u00f3 2008. \u00e9vi XLVIII. t\u00f6rv\u00e9ny (Grtv.)<\/li>\n<\/ul>\n<p><strong>Adatkezel\u00e9si t\u00e1j\u00e9koztat\u00f3 m\u00f3dos\u00edt\u00e1sa<\/strong><\/p>\n<p>T\u00e1rsas\u00e1gunk fenntartja mag\u00e1nak a jogot jelen Adatkezel\u00e9si t\u00e1j\u00e9koztat\u00f3 m\u00f3dos\u00edt\u00e1s\u00e1ra, amelyr\u0151l az \u00e9rintetteket megfelel\u0151 m\u00f3don t\u00e1j\u00e9koztatja. Az adatkezel\u00e9ssel kapcsolatos inform\u00e1ci\u00f3k k\u00f6zz\u00e9t\u00e9tele a(z) www.orgonaapartman.hu\/adatkezeles weboldalon t\u00f6rt\u00e9nik.<\/p>\n<ol start=\"2018\">\n<li>M\u00e1jus 25.<\/li>\n<\/ol>\n<p>&nbsp;<\/p>\n<h3><\/h3>\n","protected":false},"excerpt":{"rendered":"<p>Adatkezel\u00e9si T\u00e1j\u00e9koztat\u00f3 Az adatkezel\u00e9si t\u00e1j\u00e9koztat\u00f3ban t\u00e1j\u00e9koztatjuk \u00d6nt, mint honlapunk l\u00e1togat\u00f3j\u00e1t valamint szolg\u00e1ltat\u00e1saink ig\u00e9nybe vev\u0151j\u00e9t t\u00e1rsas\u00e1gunk adatkezel\u00e9si \u00e9s adatv\u00e9delmi szab\u00e1lyair\u00f3l. Milyen alapelveket k\u00f6vet\u00fcnk adatkezel\u00e9s\u00fcnk sor\u00e1n? Kik vagyunk? Mik azok a s\u00fctik \u00e9s hogyan kezelj\u00fck \u0151ket? Mit kell tudni m\u00e9g a honlapunkkal <a class=\"more-link\" href=\"https:\/\/orgonaapartman.hu\/?page_id=167\">Read More &#8230;<\/a><\/p>\n","protected":false},"author":1,"featured_media":0,"parent":0,"menu_order":0,"comment_status":"closed","ping_status":"closed","template":"","meta":{"footnotes":""},"class_list":["post-167","page","type-page","status-publish","hentry"],"_links":{"self":[{"href":"https:\/\/orgonaapartman.hu\/index.php?rest_route=\/wp\/v2\/pages\/167","targetHints":{"allow":["GET"]}}],"collection":[{"href":"https:\/\/orgonaapartman.hu\/index.php?rest_route=\/wp\/v2\/pages"}],"about":[{"href":"https:\/\/orgonaapartman.hu\/index.php?rest_route=\/wp\/v2\/types\/page"}],"author":[{"embeddable":true,"href":"https:\/\/orgonaapartman.hu\/index.php?rest_route=\/wp\/v2\/users\/1"}],"replies":[{"embeddable":true,"href":"https:\/\/orgonaapartman.hu\/index.php?rest_route=%2Fwp%2Fv2%2Fcomments&post=167"}],"version-history":[{"count":2,"href":"https:\/\/orgonaapartman.hu\/index.php?rest_route=\/wp\/v2\/pages\/167\/revisions"}],"predecessor-version":[{"id":239,"href":"https:\/\/orgonaapartman.hu\/index.php?rest_route=\/wp\/v2\/pages\/167\/revisions\/239"}],"wp:attachment":[{"href":"https:\/\/orgonaapartman.hu\/index.php?rest_route=%2Fwp%2Fv2%2Fmedia&parent=167"}],"curies":[{"name":"wp","href":"https:\/\/api.w.org\/{rel}","templated":true}]}}