{"id":26,"date":"2016-04-27T20:44:26","date_gmt":"2016-04-27T20:44:26","guid":{"rendered":"http:\/\/orgonaapartman.hu\/?page_id=26"},"modified":"2026-03-23T14:35:39","modified_gmt":"2026-03-23T14:35:39","slug":"nautilus-studio-apartman","status":"publish","type":"page","link":"http:\/\/orgonaapartman.hu\/de\/nautilus-studio-apartman\/","title":{"rendered":"Nautilus Studio-Apartment"},"content":{"rendered":"<p>Das Studio-Apartment \u201eNautilus\u201c ist die ideale Wahl f\u00fcr zwei Personen.<\/p>\n<p>Es erwartet seine G\u00e4ste mit einem bequemen Doppelbett, einem eigenen Badezimmer und einer gut ausgestatteten K\u00fcchenzeile.<\/p>\n<p class=\"translation-block\">\u2022 Klimaanlage<br>\n\u2022 LED-Fernseher<br>\n\u2022 Fenster mit Fliegengittern<br>\n\u2022 Badezimmer mit eigener Dusche<\/p>\n<p>Die ruhige Umgebung sorgt f\u00fcr perfekte Entspannung.<\/p>\n<p><img loading=\"lazy\" decoding=\"async\" class=\"alignnone size-medium wp-image-157\" src=\"http:\/\/orgonaapartman.hu\/wp-content\/uploads\/2016\/04\/DAF_6011-300x200.jpg\" alt=\"daf_6011\" width=\"300\" height=\"200\" srcset=\"http:\/\/orgonaapartman.hu\/wp-content\/uploads\/2016\/04\/DAF_6011-300x200.jpg 300w, http:\/\/orgonaapartman.hu\/wp-content\/uploads\/2016\/04\/DAF_6011-768x513.jpg 768w, http:\/\/orgonaapartman.hu\/wp-content\/uploads\/2016\/04\/DAF_6011-1024x684.jpg 1024w, http:\/\/orgonaapartman.hu\/wp-content\/uploads\/2016\/04\/DAF_6011.jpg 1600w\" sizes=\"auto, (max-width: 300px) 100vw, 300px\" \/> <img loading=\"lazy\" decoding=\"async\" class=\"size-medium wp-image-227 alignnone\" src=\"http:\/\/orgonaapartman.hu\/wp-content\/uploads\/2026\/03\/image7-2-169x300.jpeg\" alt=\"\" width=\"169\" height=\"300\" srcset=\"http:\/\/orgonaapartman.hu\/wp-content\/uploads\/2026\/03\/image7-2-169x300.jpeg 169w, http:\/\/orgonaapartman.hu\/wp-content\/uploads\/2026\/03\/image7-2-768x1365.jpeg 768w, http:\/\/orgonaapartman.hu\/wp-content\/uploads\/2026\/03\/image7-2-576x1024.jpeg 576w, http:\/\/orgonaapartman.hu\/wp-content\/uploads\/2026\/03\/image7-2.jpeg 1134w\" sizes=\"auto, (max-width: 169px) 100vw, 169px\" \/><\/p>\n<p><img loading=\"lazy\" decoding=\"async\" class=\"alignnone size-medium wp-image-154\" src=\"http:\/\/orgonaapartman.hu\/wp-content\/uploads\/2016\/04\/DAF_6038-300x200.jpg\" alt=\"daf_6038\" width=\"300\" height=\"200\" \/><\/p>\n<p><img loading=\"lazy\" decoding=\"async\" class=\"alignnone size-medium wp-image-152\" src=\"http:\/\/orgonaapartman.hu\/wp-content\/uploads\/2016\/04\/DAF_6030-200x300.jpg\" alt=\"daf_6030\" width=\"200\" height=\"300\" srcset=\"http:\/\/orgonaapartman.hu\/wp-content\/uploads\/2016\/04\/DAF_6030-200x300.jpg 200w, http:\/\/orgonaapartman.hu\/wp-content\/uploads\/2016\/04\/DAF_6030-768x1151.jpg 768w, http:\/\/orgonaapartman.hu\/wp-content\/uploads\/2016\/04\/DAF_6030-684x1024.jpg 684w, http:\/\/orgonaapartman.hu\/wp-content\/uploads\/2016\/04\/DAF_6030.jpg 1068w\" sizes=\"auto, (max-width: 200px) 100vw, 200px\" \/>\u00a0 <img loading=\"lazy\" decoding=\"async\" class=\"alignnone size-medium wp-image-151\" src=\"http:\/\/orgonaapartman.hu\/wp-content\/uploads\/2016\/04\/DAF_6024-200x300.jpg\" alt=\"daf_6024\" width=\"200\" height=\"300\" srcset=\"http:\/\/orgonaapartman.hu\/wp-content\/uploads\/2016\/04\/DAF_6024-200x300.jpg 200w, http:\/\/orgonaapartman.hu\/wp-content\/uploads\/2016\/04\/DAF_6024-768x1151.jpg 768w, http:\/\/orgonaapartman.hu\/wp-content\/uploads\/2016\/04\/DAF_6024-684x1024.jpg 684w, http:\/\/orgonaapartman.hu\/wp-content\/uploads\/2016\/04\/DAF_6024.jpg 1068w\" sizes=\"auto, (max-width: 200px) 100vw, 200px\" \/><\/p>","protected":false},"excerpt":{"rendered":"<p>Das Studio-Apartment \u201eNautilus\u201c ist die ideale Wahl f\u00fcr zwei Personen. Es erwartet seine G\u00e4ste mit einem bequemen Doppelbett, einem eigenen Badezimmer und einer gut ausgestatteten K\u00fcchenzeile. \u2022 Klimaanlage \u2022 LED-Fernseher \u2022 Fenster mit Fliegengittern \u2022 Eigenes Badezimmer mit Dusche Die ruhige Umgebung sorgt f\u00fcr perfekte Entspannung. \u00a0<\/p>","protected":false},"author":1,"featured_media":0,"parent":0,"menu_order":0,"comment_status":"closed","ping_status":"closed","template":"","meta":{"footnotes":""},"class_list":["post-26","page","type-page","status-publish","hentry"],"_links":{"self":[{"href":"http:\/\/orgonaapartman.hu\/de\/wp-json\/wp\/v2\/pages\/26","targetHints":{"allow":["GET"]}}],"collection":[{"href":"http:\/\/orgonaapartman.hu\/de\/wp-json\/wp\/v2\/pages"}],"about":[{"href":"http:\/\/orgonaapartman.hu\/de\/wp-json\/wp\/v2\/types\/page"}],"author":[{"embeddable":true,"href":"http:\/\/orgonaapartman.hu\/de\/wp-json\/wp\/v2\/users\/1"}],"replies":[{"embeddable":true,"href":"http:\/\/orgonaapartman.hu\/de\/wp-json\/wp\/v2\/comments?post=26"}],"version-history":[{"count":10,"href":"http:\/\/orgonaapartman.hu\/de\/wp-json\/wp\/v2\/pages\/26\/revisions"}],"predecessor-version":[{"id":233,"href":"http:\/\/orgonaapartman.hu\/de\/wp-json\/wp\/v2\/pages\/26\/revisions\/233"}],"wp:attachment":[{"href":"http:\/\/orgonaapartman.hu\/de\/wp-json\/wp\/v2\/media?parent=26"}],"curies":[{"name":"wp","href":"https:\/\/api.w.org\/{rel}","templated":true}]}}