{"id":22,"date":"2016-04-27T20:42:56","date_gmt":"2016-04-27T20:42:56","guid":{"rendered":"http:\/\/orgonaapartman.hu\/?page_id=22"},"modified":"2016-05-04T09:20:39","modified_gmt":"2016-05-04T09:20:39","slug":"szallasok","status":"publish","type":"page","link":"http:\/\/orgonaapartman.hu\/de\/szallasok\/","title":{"rendered":"Unterk\u00fcnfte"},"content":{"rendered":"<p><a href=\"\/de\/?page_id=24&amp;lang=hu\">Orchidea Studio-Apartment<\/a><br \/>\n<a href=\"http:\/\/orgonaapartman.hu\/de\/?page_id=26&amp;lang=hu\">Nautilus St\u00fadi\u00f3 apartman<\/a><br \/>\n<a href=\"http:\/\/orgonaapartman.hu\/de\/?page_id=28&amp;lang=hu\">Viola Studio-Apartment<\/a><br \/>\n<a href=\"http:\/\/orgonaapartman.hu\/de\/?page_id=34&amp;lang=hu\">Ferienhaus Orgona<\/a><\/p>\n<p class=\"translation-block\">Die Studio-Apartments befinden sich im Erdgeschoss, verf\u00fcgen \u00fcber eine kleine Terrasse und liegen nebeneinander.<br>\nDie Apartments sind mit einem Doppelbett ausgestattet (13 m\u00b2), bieten keinen Platz f\u00fcr ein Zustellbett, sind mit einer Kochnische in einem Raum verbunden und verf\u00fcgen \u00fcber ein Badezimmer mit Dusche.<br>\nAusstattung der K\u00fcchenzeile: K\u00fchlschrank, Mikrowelle, Kaffeemaschine, Wasserkocher, Toaster, Kochfeld, Geschirr, Gl\u00e4ser, Teller.<br>\nIn den Studio-Apartments stehen kostenloses WLAN und ein LED-Fernseher zur Verf\u00fcgung.<\/p>","protected":false},"excerpt":{"rendered":"<p>Orchidea St\u00fadi\u00f3 Apartman Nautilus St\u00fadi\u00f3 apartman Viola St\u00fadi\u00f3 Apartman Orgona Nyaral\u00f3h\u00e1z A st\u00fadi\u00f3 apartmanok f\u00f6ldszintesek, kis terasszal, egym\u00e1s mellett helyezkednek el. Az apartmanok francia\u00e1gyasak (13 m2-esek), nem p\u00f3t\u00e1gyazhat\u00f3ak, teakonyh\u00e1val egy l\u00e9gt\u00e9r\u0171ek, zuhanyz\u00f3s f\u00fcrd\u0151szob\u00e1val rendelkeznek. A teakonyha felszerelts\u00e9ge: h\u0171t\u0151szekr\u00e9ny, mikrohull\u00e1m\u00fa s\u00fct\u0151, <a class=\"more-link\" href=\"http:\/\/orgonaapartman.hu\/de\/szallasok\/\">Read More &#8230;<\/a><\/p>","protected":false},"author":1,"featured_media":0,"parent":0,"menu_order":0,"comment_status":"closed","ping_status":"closed","template":"","meta":{"footnotes":""},"class_list":["post-22","page","type-page","status-publish","hentry"],"_links":{"self":[{"href":"http:\/\/orgonaapartman.hu\/de\/wp-json\/wp\/v2\/pages\/22","targetHints":{"allow":["GET"]}}],"collection":[{"href":"http:\/\/orgonaapartman.hu\/de\/wp-json\/wp\/v2\/pages"}],"about":[{"href":"http:\/\/orgonaapartman.hu\/de\/wp-json\/wp\/v2\/types\/page"}],"author":[{"embeddable":true,"href":"http:\/\/orgonaapartman.hu\/de\/wp-json\/wp\/v2\/users\/1"}],"replies":[{"embeddable":true,"href":"http:\/\/orgonaapartman.hu\/de\/wp-json\/wp\/v2\/comments?post=22"}],"version-history":[{"count":7,"href":"http:\/\/orgonaapartman.hu\/de\/wp-json\/wp\/v2\/pages\/22\/revisions"}],"predecessor-version":[{"id":123,"href":"http:\/\/orgonaapartman.hu\/de\/wp-json\/wp\/v2\/pages\/22\/revisions\/123"}],"wp:attachment":[{"href":"http:\/\/orgonaapartman.hu\/de\/wp-json\/wp\/v2\/media?parent=22"}],"curies":[{"name":"wp","href":"https:\/\/api.w.org\/{rel}","templated":true}]}}