{"id":2,"date":"2016-04-27T07:00:20","date_gmt":"2016-04-27T07:00:20","guid":{"rendered":"http:\/\/orgonaapartman.hu\/?page_id=2"},"modified":"2026-04-14T11:09:06","modified_gmt":"2026-04-14T11:09:06","slug":"ez-egy-minta-oldal","status":"publish","type":"page","link":"http:\/\/orgonaapartman.hu\/de\/","title":{"rendered":"Startseite"},"content":{"rendered":"<h2 data-section-id=\"1u693t\" data-start=\"214\" data-end=\"270\"><span style=\"color: #800080;\" role=\"text\">\ud83c\udf3f<em> <strong data-start=\"220\" data-end=\"270\">Ferien- und Apartmenthaus \u201eOrgona\u201c \u2013 Balatongy\u00f6r\u00f6k<\/strong><\/em><\/span><\/h2>\n<p><span style=\"color: #800080;\"><em><strong>\u2013 350 Meter vom Strand entfernt<\/strong><\/em><\/span><\/p>\n<p><span style=\"color: #800080;\"><em><strong>Wir erwarten unsere G\u00e4ste in einer ruhigen, gr\u00fcnen Umgebung, die dennoch in der N\u00e4he des Zentrums liegt.<\/strong><\/em><\/span><br \/><span style=\"color: #800080;\"><em><strong>Die ideale Wahl f\u00fcr Familien und Paare.<\/strong><\/em><\/span><\/p>\n\n\n<figure class=\"wp-block-pullquote has-border-color has-text-color\" style=\"border-color:#8c21a1;color:#65176f\"><blockquote><p><strong><em>Die Unterkunft besteht aus einem freistehenden Ferienhaus und einem Apartmenthaus mit drei Studio-Apartments, einem geschlossenen Innenhof und einem gepflegten Garten.<\/em><\/strong><br><\/p><\/blockquote><\/figure>\n\n\n\n<p><\/p>","protected":false},"excerpt":{"rendered":"<p>\ud83c\udf3f Orgona Nyaral\u00f3- \u00e9s Apartmanh\u00e1z \u2013 Balatongy\u00f6r\u00f6k \u2013 350 m\u00e9terre a strandt\u00f3l Nyugodt, z\u00f6ld k\u00f6rnyezetben, m\u00e9gis a k\u00f6zponthoz k\u00f6zel v\u00e1rjuk vend\u00e9geinket.Csal\u00e1doknak \u00e9s p\u00e1roknak is ide\u00e1lis v\u00e1laszt\u00e1s. A sz\u00e1ll\u00e1s egy k\u00fcl\u00f6n\u00e1ll\u00f3 nyaral\u00f3h\u00e1zb\u00f3l \u00e9s egy 3 st\u00fadi\u00f3 apartmanb\u00f3l \u00e1ll\u00f3 apartmanh\u00e1zb\u00f3l \u00e1ll, z\u00e1rt <a class=\"more-link\" href=\"http:\/\/orgonaapartman.hu\/de\/\">Read More &#8230;<\/a><\/p>","protected":false},"author":1,"featured_media":0,"parent":0,"menu_order":0,"comment_status":"closed","ping_status":"open","template":"","meta":{"footnotes":""},"class_list":["post-2","page","type-page","status-publish","hentry"],"_links":{"self":[{"href":"http:\/\/orgonaapartman.hu\/de\/wp-json\/wp\/v2\/pages\/2","targetHints":{"allow":["GET"]}}],"collection":[{"href":"http:\/\/orgonaapartman.hu\/de\/wp-json\/wp\/v2\/pages"}],"about":[{"href":"http:\/\/orgonaapartman.hu\/de\/wp-json\/wp\/v2\/types\/page"}],"author":[{"embeddable":true,"href":"http:\/\/orgonaapartman.hu\/de\/wp-json\/wp\/v2\/users\/1"}],"replies":[{"embeddable":true,"href":"http:\/\/orgonaapartman.hu\/de\/wp-json\/wp\/v2\/comments?post=2"}],"version-history":[{"count":26,"href":"http:\/\/orgonaapartman.hu\/de\/wp-json\/wp\/v2\/pages\/2\/revisions"}],"predecessor-version":[{"id":248,"href":"http:\/\/orgonaapartman.hu\/de\/wp-json\/wp\/v2\/pages\/2\/revisions\/248"}],"wp:attachment":[{"href":"http:\/\/orgonaapartman.hu\/de\/wp-json\/wp\/v2\/media?parent=2"}],"curies":[{"name":"wp","href":"https:\/\/api.w.org\/{rel}","templated":true}]}}